{"id":146,"date":"2025-07-04T21:38:59","date_gmt":"2025-07-04T21:38:59","guid":{"rendered":"https:\/\/losdenunciados.do\/?page_id=146"},"modified":"2025-07-04T21:54:56","modified_gmt":"2025-07-04T21:54:56","slug":"nosotros","status":"publish","type":"page","link":"https:\/\/losdenunciados.do\/index.php\/nosotros\/","title":{"rendered":"Nosotros"},"content":{"rendered":"\n<p><strong>LosDenunciados.do<\/strong> es un medio de comunicaci\u00f3n digital dominicano especializado en <strong>periodismo de investigaci\u00f3n, denuncias ciudadanas y promoci\u00f3n de la transparencia<\/strong>. Su prop\u00f3sito principal es servir como plataforma para visibilizar injusticias, irregularidades y abusos que afectan a la ciudadan\u00eda, tanto en el \u00e1mbito p\u00fablico como privado.<\/p>\n\n\n\n<p>El medio act\u00faa como un puente entre la sociedad civil y las instituciones, brindando a los ciudadanos un espacio seguro y confiable para <strong>denunciar hechos de corrupci\u00f3n, negligencia, violaciones de derechos, fraudes, malas pr\u00e1cticas administrativas, ambientales o sociales<\/strong>. Adem\u00e1s, realiza investigaciones profundas con base en pruebas verificables, utilizando herramientas del periodismo de datos, reportajes multimedia y fuentes confiables.<\/p>\n\n\n\n<p><strong>LosDenunciados.do<\/strong> se rige por principios de <strong>\u00e9tica period\u00edstica, responsabilidad social y derecho a la informaci\u00f3n<\/strong>, con un compromiso firme hacia la verdad, la justicia y la rendici\u00f3n de cuentas. Su misi\u00f3n es empoderar a la poblaci\u00f3n mediante la informaci\u00f3n cr\u00edtica y fomentar una cultura de <strong>participaci\u00f3n ciudadana activa y vigilancia democr\u00e1tica<\/strong>.<\/p>\n\n\n\n<p>En resumen, <strong>LosDenunciados.do<\/strong> no solo informa: <strong>denuncia, investiga, expone y exige cambios<\/strong>. Es un medio comprometido con la construcci\u00f3n de una sociedad m\u00e1s justa, informada y consciente.<\/p>\n","protected":false},"excerpt":{"rendered":"<p>LosDenunciados.do es un medio de comunicaci\u00f3n digital dominicano especializado en periodismo de investigaci\u00f3n, denuncias ciudadanas y promoci\u00f3n de<\/p>\n","protected":false},"author":1,"featured_media":0,"parent":0,"menu_order":0,"comment_status":"closed","ping_status":"closed","template":"","meta":{"advanced_seo_description":"","jetpack_seo_html_title":"","jetpack_seo_noindex":false,"footnotes":""},"class_list":["post-146","page","type-page","status-publish","hentry"],"jetpack_sharing_enabled":true,"_links":{"self":[{"href":"https:\/\/losdenunciados.do\/index.php\/wp-json\/wp\/v2\/pages\/146","targetHints":{"allow":["GET"]}}],"collection":[{"href":"https:\/\/losdenunciados.do\/index.php\/wp-json\/wp\/v2\/pages"}],"about":[{"href":"https:\/\/losdenunciados.do\/index.php\/wp-json\/wp\/v2\/types\/page"}],"author":[{"embeddable":true,"href":"https:\/\/losdenunciados.do\/index.php\/wp-json\/wp\/v2\/users\/1"}],"replies":[{"embeddable":true,"href":"https:\/\/losdenunciados.do\/index.php\/wp-json\/wp\/v2\/comments?post=146"}],"version-history":[{"count":2,"href":"https:\/\/losdenunciados.do\/index.php\/wp-json\/wp\/v2\/pages\/146\/revisions"}],"predecessor-version":[{"id":152,"href":"https:\/\/losdenunciados.do\/index.php\/wp-json\/wp\/v2\/pages\/146\/revisions\/152"}],"wp:attachment":[{"href":"https:\/\/losdenunciados.do\/index.php\/wp-json\/wp\/v2\/media?parent=146"}],"curies":[{"name":"wp","href":"https:\/\/api.w.org\/{rel}","templated":true}]}}